{"id":667,"date":"2021-04-10T20:58:41","date_gmt":"2021-04-10T18:58:41","guid":{"rendered":"http:\/\/bouron-pere.com\/?page_id=667"},"modified":"2021-06-09T17:26:48","modified_gmt":"2021-06-09T15:26:48","slug":"lentreprise","status":"publish","type":"page","link":"http:\/\/bouron-pere.com\/index.php\/lentreprise\/","title":{"rendered":"CONTACT"},"content":{"rendered":"\t\t<div data-elementor-type=\"wp-page\" data-elementor-id=\"667\" class=\"elementor elementor-667\">\n\t\t\t\t\t\t\t\t\t<section class=\"elementor-section elementor-top-section elementor-element elementor-element-5fd0bdaf elementor-section-height-min-height elementor-section-boxed elementor-section-height-default elementor-section-items-middle\" data-id=\"5fd0bdaf\" data-element_type=\"section\" data-settings=\"{&quot;background_background&quot;:&quot;classic&quot;}\">\n\t\t\t\t\t\t\t<div class=\"elementor-background-overlay\"><\/div>\n\t\t\t\t\t\t\t<div class=\"elementor-container elementor-column-gap-default\">\n\t\t\t\t\t<div class=\"elementor-column elementor-col-100 elementor-top-column elementor-element elementor-element-5b08932d\" data-id=\"5b08932d\" data-element_type=\"column\">\n\t\t\t<div class=\"elementor-widget-wrap elementor-element-populated\">\n\t\t\t\t\t\t\t\t<div class=\"elementor-element elementor-element-3c7d055a elementor-widget elementor-widget-heading\" data-id=\"3c7d055a\" data-element_type=\"widget\" data-widget_type=\"heading.default\">\n\t\t\t\t<div class=\"elementor-widget-container\">\n\t\t\t<h2 class=\"elementor-heading-title elementor-size-large\">O\u00f9 nous trouver ?<\/h2>\t\t<\/div>\n\t\t\t\t<\/div>\n\t\t\t\t<div class=\"elementor-element elementor-element-278a4291 elementor-widget-divider--view-line elementor-widget elementor-widget-divider\" data-id=\"278a4291\" data-element_type=\"widget\" data-widget_type=\"divider.default\">\n\t\t\t\t<div class=\"elementor-widget-container\">\n\t\t\t\t\t<div class=\"elementor-divider\">\n\t\t\t<span class=\"elementor-divider-separator\">\n\t\t\t\t\t\t<\/span>\n\t\t<\/div>\n\t\t\t\t<\/div>\n\t\t\t\t<\/div>\n\t\t\t\t<div class=\"elementor-element elementor-element-67226139 elementor-widget elementor-widget-text-editor\" data-id=\"67226139\" data-element_type=\"widget\" data-widget_type=\"text-editor.default\">\n\t\t\t\t<div class=\"elementor-widget-container\">\n\t\t\t\t\t\t\t<p>Vous \u00eates plus que bienvenu dans nos locaux ou laisser vos coordonn\u00e9es et nous vous contacterons<\/p>\t\t\t\t\t\t<\/div>\n\t\t\t\t<\/div>\n\t\t\t\t\t<\/div>\n\t\t<\/div>\n\t\t\t\t\t\t\t<\/div>\n\t\t<\/section>\n\t\t\t\t<section class=\"elementor-section elementor-top-section elementor-element elementor-element-428575cd elementor-section-full_width elementor-section-height-default elementor-section-height-default\" data-id=\"428575cd\" data-element_type=\"section\">\n\t\t\t\t\t\t<div class=\"elementor-container elementor-column-gap-wider\">\n\t\t\t\t\t<div class=\"elementor-column elementor-col-100 elementor-top-column elementor-element elementor-element-723c6be5 elementor-invisible\" data-id=\"723c6be5\" data-element_type=\"column\" data-settings=\"{&quot;animation&quot;:&quot;fadeIn&quot;}\">\n\t\t\t<div class=\"elementor-widget-wrap elementor-element-populated\">\n\t\t\t\t\t\t\t\t<div class=\"elementor-element elementor-element-cd13f74 elementor-widget elementor-widget-google_maps\" data-id=\"cd13f74\" data-element_type=\"widget\" data-widget_type=\"google_maps.default\">\n\t\t\t\t<div class=\"elementor-widget-container\">\n\t\t\t\t\t<div class=\"elementor-custom-embed\">\n\t\t\t<iframe frameborder=\"0\" scrolling=\"no\" marginheight=\"0\" marginwidth=\"0\"\n\t\t\t\t\tsrc=\"https:\/\/maps.google.com\/maps?q=M%C3%A9tallerie%20Serrurerie%20BOURON-PERE%2C%202%20Rue%20Becquerel%2C%20Z.A.%20P%C3%B4le%20Technique%20Odyss%C3%A9e%2C%2085220%20Co%C3%ABx&#038;t=m&#038;z=8&#038;output=embed&#038;iwloc=near\"\n\t\t\t\t\ttitle=\"M\u00e9tallerie Serrurerie BOURON-PERE, 2 Rue Becquerel, Z.A. P\u00f4le Technique Odyss\u00e9e, 85220 Co\u00ebx\"\n\t\t\t\t\taria-label=\"M\u00e9tallerie Serrurerie BOURON-PERE, 2 Rue Becquerel, Z.A. P\u00f4le Technique Odyss\u00e9e, 85220 Co\u00ebx\"\n\t\t\t><\/iframe>\n\t\t<\/div>\n\t\t\t\t<\/div>\n\t\t\t\t<\/div>\n\t\t\t\t\t<\/div>\n\t\t<\/div>\n\t\t\t\t\t\t\t<\/div>\n\t\t<\/section>\n\t\t\t\t<section class=\"elementor-section elementor-top-section elementor-element elementor-element-92792f0 elementor-section-boxed elementor-section-height-default elementor-section-height-default\" data-id=\"92792f0\" data-element_type=\"section\">\n\t\t\t\t\t\t<div class=\"elementor-container elementor-column-gap-default\">\n\t\t\t\t\t<div class=\"elementor-column elementor-col-100 elementor-top-column elementor-element elementor-element-e3442ba\" data-id=\"e3442ba\" data-element_type=\"column\">\n\t\t\t<div class=\"elementor-widget-wrap\">\n\t\t\t\t\t\t\t\t\t<\/div>\n\t\t<\/div>\n\t\t\t\t\t\t\t<\/div>\n\t\t<\/section>\n\t\t\t\t\t\t\t<\/div>\n\t\t","protected":false},"excerpt":{"rendered":"<p>O\u00f9 nous trouver ? Vous \u00eates plus que bienvenu dans nos locaux ou laisser vos coordonn\u00e9es et nous vous contacterons<\/p>\n","protected":false},"author":1,"featured_media":0,"parent":0,"menu_order":0,"comment_status":"closed","ping_status":"closed","template":"","meta":{"footnotes":""},"class_list":["post-667","page","type-page","status-publish","hentry"],"yoast_head":"<!-- This site is optimized with the Yoast SEO plugin v24.9 - https:\/\/yoast.com\/wordpress\/plugins\/seo\/ -->\n<title>CONTACT - Bouron Pere<\/title>\n<meta name=\"robots\" content=\"index, follow, max-snippet:-1, max-image-preview:large, max-video-preview:-1\" \/>\n<link rel=\"canonical\" href=\"https:\/\/bouron-pere.com\/index.php\/lentreprise\/\" \/>\n<meta property=\"og:locale\" content=\"fr_FR\" \/>\n<meta property=\"og:type\" content=\"article\" \/>\n<meta property=\"og:title\" content=\"CONTACT - Bouron Pere\" \/>\n<meta property=\"og:description\" content=\"O\u00f9 nous trouver ? Vous \u00eates plus que bienvenu dans nos locaux ou laisser vos coordonn\u00e9es et nous vous contacterons\" \/>\n<meta property=\"og:url\" content=\"https:\/\/bouron-pere.com\/index.php\/lentreprise\/\" \/>\n<meta property=\"og:site_name\" content=\"Bouron Pere\" \/>\n<meta property=\"article:modified_time\" content=\"2021-06-09T15:26:48+00:00\" \/>\n<meta name=\"twitter:card\" content=\"summary_large_image\" \/>\n<script type=\"application\/ld+json\" class=\"yoast-schema-graph\">{\"@context\":\"https:\/\/schema.org\",\"@graph\":[{\"@type\":\"WebPage\",\"@id\":\"https:\/\/bouron-pere.com\/index.php\/lentreprise\/\",\"url\":\"https:\/\/bouron-pere.com\/index.php\/lentreprise\/\",\"name\":\"CONTACT - Bouron Pere\",\"isPartOf\":{\"@id\":\"http:\/\/bouron-pere.com\/#website\"},\"datePublished\":\"2021-04-10T18:58:41+00:00\",\"dateModified\":\"2021-06-09T15:26:48+00:00\",\"breadcrumb\":{\"@id\":\"https:\/\/bouron-pere.com\/index.php\/lentreprise\/#breadcrumb\"},\"inLanguage\":\"fr-FR\",\"potentialAction\":[{\"@type\":\"ReadAction\",\"target\":[\"https:\/\/bouron-pere.com\/index.php\/lentreprise\/\"]}]},{\"@type\":\"BreadcrumbList\",\"@id\":\"https:\/\/bouron-pere.com\/index.php\/lentreprise\/#breadcrumb\",\"itemListElement\":[{\"@type\":\"ListItem\",\"position\":1,\"name\":\"Accueil\",\"item\":\"http:\/\/bouron-pere.com\/\"},{\"@type\":\"ListItem\",\"position\":2,\"name\":\"CONTACT\"}]},{\"@type\":\"WebSite\",\"@id\":\"http:\/\/bouron-pere.com\/#website\",\"url\":\"http:\/\/bouron-pere.com\/\",\"name\":\"Bouron Pere\",\"description\":\"La m\u00e9tallerie serrurerie BOURON-PERE est sp\u00e9cialis\u00e9e dans la m\u00e9tallerie, la ferronnerie et la serrurerie. Les domaines se diversifient pour vous proposer un large choix de possiblit\u00e9s et une personnalisation client.\",\"publisher\":{\"@id\":\"http:\/\/bouron-pere.com\/#organization\"},\"potentialAction\":[{\"@type\":\"SearchAction\",\"target\":{\"@type\":\"EntryPoint\",\"urlTemplate\":\"http:\/\/bouron-pere.com\/?s={search_term_string}\"},\"query-input\":{\"@type\":\"PropertyValueSpecification\",\"valueRequired\":true,\"valueName\":\"search_term_string\"}}],\"inLanguage\":\"fr-FR\"},{\"@type\":\"Organization\",\"@id\":\"http:\/\/bouron-pere.com\/#organization\",\"name\":\"Bouron Pere\",\"url\":\"http:\/\/bouron-pere.com\/\",\"logo\":{\"@type\":\"ImageObject\",\"inLanguage\":\"fr-FR\",\"@id\":\"http:\/\/bouron-pere.com\/#\/schema\/logo\/image\/\",\"url\":\"http:\/\/bouron-pere.com\/wp-content\/uploads\/2021\/04\/cropped-logo-bouron-pere_Plan-de-travail-1.png\",\"contentUrl\":\"http:\/\/bouron-pere.com\/wp-content\/uploads\/2021\/04\/cropped-logo-bouron-pere_Plan-de-travail-1.png\",\"width\":512,\"height\":512,\"caption\":\"Bouron Pere\"},\"image\":{\"@id\":\"http:\/\/bouron-pere.com\/#\/schema\/logo\/image\/\"}}]}<\/script>\n<!-- \/ Yoast SEO plugin. -->","yoast_head_json":{"title":"CONTACT - Bouron Pere","robots":{"index":"index","follow":"follow","max-snippet":"max-snippet:-1","max-image-preview":"max-image-preview:large","max-video-preview":"max-video-preview:-1"},"canonical":"https:\/\/bouron-pere.com\/index.php\/lentreprise\/","og_locale":"fr_FR","og_type":"article","og_title":"CONTACT - Bouron Pere","og_description":"O\u00f9 nous trouver ? Vous \u00eates plus que bienvenu dans nos locaux ou laisser vos coordonn\u00e9es et nous vous contacterons","og_url":"https:\/\/bouron-pere.com\/index.php\/lentreprise\/","og_site_name":"Bouron Pere","article_modified_time":"2021-06-09T15:26:48+00:00","twitter_card":"summary_large_image","schema":{"@context":"https:\/\/schema.org","@graph":[{"@type":"WebPage","@id":"https:\/\/bouron-pere.com\/index.php\/lentreprise\/","url":"https:\/\/bouron-pere.com\/index.php\/lentreprise\/","name":"CONTACT - Bouron Pere","isPartOf":{"@id":"http:\/\/bouron-pere.com\/#website"},"datePublished":"2021-04-10T18:58:41+00:00","dateModified":"2021-06-09T15:26:48+00:00","breadcrumb":{"@id":"https:\/\/bouron-pere.com\/index.php\/lentreprise\/#breadcrumb"},"inLanguage":"fr-FR","potentialAction":[{"@type":"ReadAction","target":["https:\/\/bouron-pere.com\/index.php\/lentreprise\/"]}]},{"@type":"BreadcrumbList","@id":"https:\/\/bouron-pere.com\/index.php\/lentreprise\/#breadcrumb","itemListElement":[{"@type":"ListItem","position":1,"name":"Accueil","item":"http:\/\/bouron-pere.com\/"},{"@type":"ListItem","position":2,"name":"CONTACT"}]},{"@type":"WebSite","@id":"http:\/\/bouron-pere.com\/#website","url":"http:\/\/bouron-pere.com\/","name":"Bouron Pere","description":"La m\u00e9tallerie serrurerie BOURON-PERE est sp\u00e9cialis\u00e9e dans la m\u00e9tallerie, la ferronnerie et la serrurerie. Les domaines se diversifient pour vous proposer un large choix de possiblit\u00e9s et une personnalisation client.","publisher":{"@id":"http:\/\/bouron-pere.com\/#organization"},"potentialAction":[{"@type":"SearchAction","target":{"@type":"EntryPoint","urlTemplate":"http:\/\/bouron-pere.com\/?s={search_term_string}"},"query-input":{"@type":"PropertyValueSpecification","valueRequired":true,"valueName":"search_term_string"}}],"inLanguage":"fr-FR"},{"@type":"Organization","@id":"http:\/\/bouron-pere.com\/#organization","name":"Bouron Pere","url":"http:\/\/bouron-pere.com\/","logo":{"@type":"ImageObject","inLanguage":"fr-FR","@id":"http:\/\/bouron-pere.com\/#\/schema\/logo\/image\/","url":"http:\/\/bouron-pere.com\/wp-content\/uploads\/2021\/04\/cropped-logo-bouron-pere_Plan-de-travail-1.png","contentUrl":"http:\/\/bouron-pere.com\/wp-content\/uploads\/2021\/04\/cropped-logo-bouron-pere_Plan-de-travail-1.png","width":512,"height":512,"caption":"Bouron Pere"},"image":{"@id":"http:\/\/bouron-pere.com\/#\/schema\/logo\/image\/"}}]}},"_links":{"self":[{"href":"http:\/\/bouron-pere.com\/index.php\/wp-json\/wp\/v2\/pages\/667","targetHints":{"allow":["GET"]}}],"collection":[{"href":"http:\/\/bouron-pere.com\/index.php\/wp-json\/wp\/v2\/pages"}],"about":[{"href":"http:\/\/bouron-pere.com\/index.php\/wp-json\/wp\/v2\/types\/page"}],"author":[{"embeddable":true,"href":"http:\/\/bouron-pere.com\/index.php\/wp-json\/wp\/v2\/users\/1"}],"replies":[{"embeddable":true,"href":"http:\/\/bouron-pere.com\/index.php\/wp-json\/wp\/v2\/comments?post=667"}],"version-history":[{"count":73,"href":"http:\/\/bouron-pere.com\/index.php\/wp-json\/wp\/v2\/pages\/667\/revisions"}],"predecessor-version":[{"id":900,"href":"http:\/\/bouron-pere.com\/index.php\/wp-json\/wp\/v2\/pages\/667\/revisions\/900"}],"wp:attachment":[{"href":"http:\/\/bouron-pere.com\/index.php\/wp-json\/wp\/v2\/media?parent=667"}],"curies":[{"name":"wp","href":"https:\/\/api.w.org\/{rel}","templated":true}]}}